{"id":44,"date":"2020-07-28T12:04:58","date_gmt":"2020-07-28T10:04:58","guid":{"rendered":"https:\/\/relaunch.spd-toenisvorst.de\/?page_id=44"},"modified":"2025-10-04T11:42:50","modified_gmt":"2025-10-04T09:42:50","slug":"kontakt","status":"publish","type":"page","link":"https:\/\/spd-toenisvorst.de\/index.php\/kontakt\/","title":{"rendered":"Kontakt"},"content":{"rendered":"\n<h2 class=\"wp-block-heading\">Ortsverein<\/h2>\n\n\n\n<p>Helge Schwarz Vorsitzender<\/p>\n\n\n\n<p>Willicher Strasse 7<br>47918 T\u00f6nisvorst<br><a href=\"mailto:info@spd-toenisvorst.de\">info@spd-toenisvorst.de<\/a><\/p>\n\n\n\n<p class=\"has-large-font-size\"><\/p>\n\n\n\n<p class=\"has-text-align-left\"><\/p>\n\n\n\n<p><\/p>\n\n\n\n<p><\/p>\n\n\n\n<p><\/p>\n\n\n\n<h2 class=\"wp-block-heading\">Gesch\u00e4ftstelle der Fraktion<\/h2>\n\n\n\n<p>Willicher Strasse 7<br>47918 T\u00f6nisvorst<br><a href=\"mailto:info@spd-toenisvorst.de\">info@spd-toenisvorst.de<\/a><\/p>\n\n\n\n<p><\/p>\n","protected":false},"excerpt":{"rendered":"<p>Ortsverein Helge Schwarz Vorsitzender Willicher Strasse 747918 T\u00f6nisvorstinfo@spd-toenisvorst.de Gesch\u00e4ftstelle der Fraktion Willicher Strasse 747918 T\u00f6nisvorstinfo@spd-toenisvorst.de<\/p>\n","protected":false},"author":1,"featured_media":0,"parent":0,"menu_order":0,"comment_status":"closed","ping_status":"closed","template":"","meta":{"footnotes":""},"class_list":["post-44","page","type-page","status-publish","hentry"],"_links":{"self":[{"href":"https:\/\/spd-toenisvorst.de\/index.php\/wp-json\/wp\/v2\/pages\/44","targetHints":{"allow":["GET"]}}],"collection":[{"href":"https:\/\/spd-toenisvorst.de\/index.php\/wp-json\/wp\/v2\/pages"}],"about":[{"href":"https:\/\/spd-toenisvorst.de\/index.php\/wp-json\/wp\/v2\/types\/page"}],"author":[{"embeddable":true,"href":"https:\/\/spd-toenisvorst.de\/index.php\/wp-json\/wp\/v2\/users\/1"}],"replies":[{"embeddable":true,"href":"https:\/\/spd-toenisvorst.de\/index.php\/wp-json\/wp\/v2\/comments?post=44"}],"version-history":[{"count":14,"href":"https:\/\/spd-toenisvorst.de\/index.php\/wp-json\/wp\/v2\/pages\/44\/revisions"}],"predecessor-version":[{"id":1875,"href":"https:\/\/spd-toenisvorst.de\/index.php\/wp-json\/wp\/v2\/pages\/44\/revisions\/1875"}],"wp:attachment":[{"href":"https:\/\/spd-toenisvorst.de\/index.php\/wp-json\/wp\/v2\/media?parent=44"}],"curies":[{"name":"wp","href":"https:\/\/api.w.org\/{rel}","templated":true}]}}