{"id":43,"date":"2020-07-28T12:04:58","date_gmt":"2020-07-28T10:04:58","guid":{"rendered":"https:\/\/relaunch.spd-toenisvorst.de\/?page_id=43"},"modified":"2021-10-22T15:35:35","modified_gmt":"2021-10-22T13:35:35","slug":"impressum","status":"publish","type":"page","link":"https:\/\/spd-toenisvorst.de\/index.php\/impressum\/","title":{"rendered":"Impressum"},"content":{"rendered":"\n<h2 class=\"wp-block-heading\"><strong>Diensteanbieter<\/strong><\/h2>\n\n\n\n<p>Sozialdemokratische Partei Deutschlands (SPD) Ortsverein T\u00f6nisvorst<br>Willicher Stra\u00dfe 6 \u00b7 47918 T\u00f6nisvorst \u00b7 Deutschland<br><br>E-Mail-Adresse: <a href=\"mailto:info@spd-toenisvorst.de\" target=\"_blank\" rel=\"noreferrer noopener\">info@spd-toenisvorst.de<\/a><br>Telefon: <a href=\"tel:+492151795379\">02151-795379<\/a><\/p>\n\n\n\n<h2 class=\"wp-block-heading\">Vertretungsberechtigte Personen<\/h2>\n\n\n\n<p><strong>Vertretungsberechtigt: <\/strong>Helge Schwarz (Vorsitzender)<br>Hans Joachim Kremser (Stellvertretender Vorsitzender)<br>Silke Depta (Stellvertretende Vorsitzende)<\/p>\n\n\n\n<h2 class=\"wp-block-heading\" id=\"m154\">Journalistisch-redaktionelle Angebote und Gestaltung<\/h2>\n\n\n\n<p><strong>Inhaltlich verantwortlich: <\/strong>Hans Joachim Kremser, euSIGNco<br>Kirchstra\u00dfe 12a \u00b7 47918 T\u00f6nisvorst<br>E-Mail: <a href=\"mailto:post@eusignco.com\">post@eusignco.com<\/a> <\/p>\n\n\n\n<h2 class=\"wp-block-heading\" id=\"m3589\">Audiovisuelle Mediendienste<\/h2>\n\n\n\n<p>Sitzland: Deutschland<br>Zust\u00e4ndige Regulierungs-, bzw. Aufsichtsbeh\u00f6rde: <br><a rel=\"noreferrer noopener\" href=\"https:\/\/www.medienanstalt-nrw.de\/\" data-type=\"URL\" data-id=\"https:\/\/www.medienanstalt-nrw.de\/\" target=\"_blank\">Landesanstalt f\u00fcr Medien NRW<\/a><br>Zollhof 2 \u00b7 40221 D\u00fcsseldorf<br>Telefon: <a rel=\"noreferrer noopener\" href=\"tel:+49211-77007-0\" data-type=\"tel\" data-id=\"tel:+49211-77007-0\" target=\"_blank\">0211-77007-0<\/a><\/p>\n\n\n\n<h2 class=\"wp-block-heading\" id=\"m172\">Social Media und andere Onlinepr\u00e4senzen<\/h2>\n\n\n\n<p>Dieses Impressum gilt auch f\u00fcr die folgenden Social-Media-Pr\u00e4senzen und Onlineprofile:<\/p>\n\n\n\n<p><a href=\"https:\/\/www.facebook.com\/SPDToevo\/\">https:\/\/www.facebook.com\/SPDToevo\/<\/a><br><a href=\"https:\/\/www.instagram.com\/spdtoenisvorst\/\">https:\/\/www.instagram.com\/spdtoenisvorst\/<\/a><\/p>\n\n\n\n<h2 class=\"wp-block-heading\" id=\"m65\">Haftungs- und Schutzrechtshinweise<\/h2>\n\n\n\n<p><strong>Haftungsausschluss<\/strong>: Die Inhalte dieses Onlineangebotes wurden sorgf\u00e4ltig und nach unserem aktuellen Kenntnisstand erstellt, dienen jedoch nur der Information und entfalten keine rechtlich bindende Wirkung, sofern es sich nicht um gesetzlich verpflichtende Informationen (z.B. das Impressum, die Datenschutzerkl\u00e4rung, AGB oder verpflichtende Belehrungen von Verbrauchern) handelt. Wir behalten uns vor, die Inhalte vollst\u00e4ndig oder teilweise zu \u00e4ndern oder zu l\u00f6schen, soweit vertragliche Verpflichtungen unber\u00fchrt bleiben. Alle Angebote sind freibleibend und unverbindlich.<\/p>\n\n\n\n<p><strong>Links auf fremde Webseiten<\/strong>: Die Inhalte fremder Webseiten, auf die wir direkt oder indirekt verweisen, liegen au\u00dferhalb unseres Verantwortungsbereiches und wir machen sie uns nicht zu Eigen. F\u00fcr alle Inhalte und Nachteile, die aus der Nutzung der in den verlinkten Webseiten aufrufbaren Informationen entstehen, \u00fcbernehmen wir keine Verantwortung.<\/p>\n\n\n\n<p><strong>Urheberrechte und Markenrechte<\/strong>: Alle auf dieser Website dargestellten Inhalte, wie Texte, Fotografien, Grafiken, Marken und Warenzeichen sind durch die jeweiligen Schutzrechte (Urheberrechte, Markenrechte) gesch\u00fctzt. Die Verwendung, Vervielf\u00e4ltigung usw. unterliegen unseren Rechten oder den Rechten der jeweiligen Urheber bzw. Rechteinhaber.<\/p>\n\n\n\n<p><strong>Hinweise auf Rechtsverst\u00f6\u00dfe<\/strong>: Sollten Sie innerhalb unseres Internetauftritts Rechtsverst\u00f6\u00dfe bemerken, bitten wir Sie uns auf diese hinzuweisen. Wir werden rechtswidrige Inhalte und Links nach Kenntnisnahme unverz\u00fcglich entfernen.<\/p>\n\n\n\n<h2 class=\"wp-block-heading\" id=\"m169\">Bildnachweise<\/h2>\n\n\n\n<p><strong>Bildquellen und Urheberrechtshinweise:<\/strong><\/p>\n\n\n\n<p>SPD T\u00f6nisvorst, Sozialdemokratische Partei Deutschlands (SPD), Hans Joachim Kremser, PONTEN &amp; WEBER InformationsTechnik und Mediendienste GbR<\/p>\n\n\n\n<h2 class=\"wp-block-heading\"><strong>Layout, Technische Bereitstellung, Hosting<\/strong><\/h2>\n\n\n\n<p><a rel=\"noreferrer noopener\" href=\"http:\/\/www.ponten-weber.de\" data-type=\"URL\" data-id=\"www.ponten-weber.de\" target=\"_blank\"><strong>PONTEN &amp; WEBER<\/strong><\/a><br>InformationsTechnik und Mediendienste GbR<br>Von-Sahr-Stra\u00dfe 1 \u00b7 47918 T\u00f6nisvorst<br>E-Mail:\u00a0<a href=\"mailto:info@ponten-weber.de\">info@ponten-weber.de<\/a><\/p>\n\n\n\n<p><strong>Copyright by\u00a0SPD T\u00f6nisvorst \u00a9 2020-2021<\/strong><\/p>\n","protected":false},"excerpt":{"rendered":"<p>Diensteanbieter Sozialdemokratische Partei Deutschlands (SPD) Ortsverein T\u00f6nisvorstWillicher Stra\u00dfe 6 \u00b7 47918 T\u00f6nisvorst \u00b7 Deutschland E-Mail-Adresse: info@spd-toenisvorst.deTelefon: 02151-795379 Vertretungsberechtigte Personen Vertretungsberechtigt:[&#8230;]<\/p>\n","protected":false},"author":1,"featured_media":0,"parent":0,"menu_order":0,"comment_status":"closed","ping_status":"closed","template":"","meta":{"footnotes":""},"class_list":["post-43","page","type-page","status-publish","hentry"],"_links":{"self":[{"href":"https:\/\/spd-toenisvorst.de\/index.php\/wp-json\/wp\/v2\/pages\/43","targetHints":{"allow":["GET"]}}],"collection":[{"href":"https:\/\/spd-toenisvorst.de\/index.php\/wp-json\/wp\/v2\/pages"}],"about":[{"href":"https:\/\/spd-toenisvorst.de\/index.php\/wp-json\/wp\/v2\/types\/page"}],"author":[{"embeddable":true,"href":"https:\/\/spd-toenisvorst.de\/index.php\/wp-json\/wp\/v2\/users\/1"}],"replies":[{"embeddable":true,"href":"https:\/\/spd-toenisvorst.de\/index.php\/wp-json\/wp\/v2\/comments?post=43"}],"version-history":[{"count":15,"href":"https:\/\/spd-toenisvorst.de\/index.php\/wp-json\/wp\/v2\/pages\/43\/revisions"}],"predecessor-version":[{"id":1040,"href":"https:\/\/spd-toenisvorst.de\/index.php\/wp-json\/wp\/v2\/pages\/43\/revisions\/1040"}],"wp:attachment":[{"href":"https:\/\/spd-toenisvorst.de\/index.php\/wp-json\/wp\/v2\/media?parent=43"}],"curies":[{"name":"wp","href":"https:\/\/api.w.org\/{rel}","templated":true}]}}