{"id":32,"date":"2020-07-28T11:56:28","date_gmt":"2020-07-28T09:56:28","guid":{"rendered":"https:\/\/relaunch.spd-toenisvorst.de\/?page_id=32"},"modified":"2025-05-31T15:52:25","modified_gmt":"2025-05-31T13:52:25","slug":"ag-60","status":"publish","type":"page","link":"https:\/\/spd-toenisvorst.de\/index.php\/ag-60\/","title":{"rendered":"AG 60+"},"content":{"rendered":"<div class=\"wp-block-image\">\n<figure class=\"alignright size-large is-resized\"><img loading=\"lazy\" decoding=\"async\" width=\"755\" height=\"354\" src=\"https:\/\/spd-toenisvorst.de\/wp-content\/uploads\/2020\/07\/logo_spd-AG60plus_RGB.png\" alt=\"\" class=\"wp-image-33\" style=\"width:213px;height:100px\" srcset=\"https:\/\/spd-toenisvorst.de\/wp-content\/uploads\/2020\/07\/logo_spd-AG60plus_RGB.png 755w, https:\/\/spd-toenisvorst.de\/wp-content\/uploads\/2020\/07\/logo_spd-AG60plus_RGB-300x141.png 300w\" sizes=\"auto, (max-width: 755px) 100vw, 755px\" \/><\/figure>\n<\/div>\n\n\n<h2 class=\"wp-block-heading\">Gesch\u00e4ftsstelle der AG 60 +<\/h2>\n\n\n\n<p>Willicher Strasse 6<br>47918 T\u00f6nisvorst<br><\/p>\n\n\n\n<div class=\"wp-block-media-text alignwide is-stacked-on-mobile\" style=\"grid-template-columns:22% auto\"><figure class=\"wp-block-media-text__media\"><img loading=\"lazy\" decoding=\"async\" width=\"781\" height=\"1024\" src=\"https:\/\/spd-toenisvorst.de\/wp-content\/uploads\/2025\/05\/seegers-781x1024.jpg\" alt=\"\" class=\"wp-image-1696 size-full\" srcset=\"https:\/\/spd-toenisvorst.de\/wp-content\/uploads\/2025\/05\/seegers-781x1024.jpg 781w, https:\/\/spd-toenisvorst.de\/wp-content\/uploads\/2025\/05\/seegers-229x300.jpg 229w, https:\/\/spd-toenisvorst.de\/wp-content\/uploads\/2025\/05\/seegers-768x1007.jpg 768w, https:\/\/spd-toenisvorst.de\/wp-content\/uploads\/2025\/05\/seegers-1171x1536.jpg 1171w, https:\/\/spd-toenisvorst.de\/wp-content\/uploads\/2025\/05\/seegers.jpg 1380w\" sizes=\"auto, (max-width: 781px) 100vw, 781px\" \/><\/figure><div class=\"wp-block-media-text__content\">\n<p class=\"has-medium-font-size\"><strong>Rolf Seegers<\/strong><\/p>\n\n\n\n<p>Vorsitzender der AG 60+ in T\u00f6nisvorst<\/p>\n\n\n\n<p><a href=\"mailto:ag60+@spd-toenisvorst.de\">ag60+@spd-toenisvorst.de<\/a><\/p>\n\n\n\n<p><\/p>\n<\/div><\/div>\n\n\n\n<hr class=\"wp-block-separator has-text-color has-primary-color has-css-opacity has-primary-background-color has-background is-style-wide\"\/>\n\n\n\n<p>Weitere Infos zur AG 60 + der Bundespartei finden Sie hier:<\/p>\n\n\n\n<p>  <a href=\"https:\/\/60plus.spd.de\/\"><img loading=\"lazy\" decoding=\"async\" width=\"150\" height=\"70\" class=\"wp-image-33\" style=\"width: 150px;\" src=\"https:\/\/spd-toenisvorst.de\/wp-content\/uploads\/2020\/07\/logo_spd-AG60plus_RGB.png\" alt=\"\" srcset=\"https:\/\/spd-toenisvorst.de\/wp-content\/uploads\/2020\/07\/logo_spd-AG60plus_RGB.png 755w, https:\/\/spd-toenisvorst.de\/wp-content\/uploads\/2020\/07\/logo_spd-AG60plus_RGB-300x141.png 300w\" sizes=\"auto, (max-width: 150px) 100vw, 150px\" \/><\/a>   <\/p>\n\n\n\n<hr class=\"wp-block-separator has-text-color has-primary-color has-css-opacity has-primary-background-color has-background is-style-wide\"\/>\n","protected":false},"excerpt":{"rendered":"<p>Gesch\u00e4ftsstelle der AG 60 + Willicher Strasse 647918 T\u00f6nisvorst Rolf Seegers Vorsitzender der AG 60+ in T\u00f6nisvorst ag60+@spd-toenisvorst.de Weitere Infos[&#8230;]<\/p>\n","protected":false},"author":1,"featured_media":0,"parent":0,"menu_order":0,"comment_status":"closed","ping_status":"closed","template":"","meta":{"footnotes":""},"class_list":["post-32","page","type-page","status-publish","hentry"],"_links":{"self":[{"href":"https:\/\/spd-toenisvorst.de\/index.php\/wp-json\/wp\/v2\/pages\/32","targetHints":{"allow":["GET"]}}],"collection":[{"href":"https:\/\/spd-toenisvorst.de\/index.php\/wp-json\/wp\/v2\/pages"}],"about":[{"href":"https:\/\/spd-toenisvorst.de\/index.php\/wp-json\/wp\/v2\/types\/page"}],"author":[{"embeddable":true,"href":"https:\/\/spd-toenisvorst.de\/index.php\/wp-json\/wp\/v2\/users\/1"}],"replies":[{"embeddable":true,"href":"https:\/\/spd-toenisvorst.de\/index.php\/wp-json\/wp\/v2\/comments?post=32"}],"version-history":[{"count":12,"href":"https:\/\/spd-toenisvorst.de\/index.php\/wp-json\/wp\/v2\/pages\/32\/revisions"}],"predecessor-version":[{"id":1697,"href":"https:\/\/spd-toenisvorst.de\/index.php\/wp-json\/wp\/v2\/pages\/32\/revisions\/1697"}],"wp:attachment":[{"href":"https:\/\/spd-toenisvorst.de\/index.php\/wp-json\/wp\/v2\/media?parent=32"}],"curies":[{"name":"wp","href":"https:\/\/api.w.org\/{rel}","templated":true}]}}