{"id":30,"date":"2020-07-28T11:54:57","date_gmt":"2020-07-28T09:54:57","guid":{"rendered":"https:\/\/relaunch.spd-toenisvorst.de\/?page_id=30"},"modified":"2025-05-31T15:51:47","modified_gmt":"2025-05-31T13:51:47","slug":"jusos-toenisvorst","status":"publish","type":"page","link":"https:\/\/spd-toenisvorst.de\/index.php\/jusos-toenisvorst\/","title":{"rendered":"JUSOS T\u00f6nisvorst"},"content":{"rendered":"\n<div class=\"wp-block-media-text alignwide is-stacked-on-mobile\" style=\"grid-template-columns:20% auto\"><figure class=\"wp-block-media-text__media\"><img loading=\"lazy\" decoding=\"async\" width=\"792\" height=\"1024\" src=\"https:\/\/spd-toenisvorst.de\/wp-content\/uploads\/2025\/05\/timo-792x1024.jpg\" alt=\"\" class=\"wp-image-1694 size-full\" srcset=\"https:\/\/spd-toenisvorst.de\/wp-content\/uploads\/2025\/05\/timo-792x1024.jpg 792w, https:\/\/spd-toenisvorst.de\/wp-content\/uploads\/2025\/05\/timo-232x300.jpg 232w, https:\/\/spd-toenisvorst.de\/wp-content\/uploads\/2025\/05\/timo-768x993.jpg 768w, https:\/\/spd-toenisvorst.de\/wp-content\/uploads\/2025\/05\/timo-1187x1536.jpg 1187w, https:\/\/spd-toenisvorst.de\/wp-content\/uploads\/2025\/05\/timo.jpg 1342w\" sizes=\"auto, (max-width: 792px) 100vw, 792px\" \/><\/figure><div class=\"wp-block-media-text__content\">\n<p class=\"has-medium-font-size\"><strong>Timo Sch\u00f6nen<\/strong><\/p>\n\n\n\n<p>Juso Vorsitzender<\/p>\n<\/div><\/div>\n\n\n\n<h2 class=\"wp-block-heading\">Gesch\u00e4ftsstelle der Jusos in T\u00f6nisvorst<\/h2>\n\n\n\n<p>Willicher Strasse 6<br>47918 T\u00f6nisvorst<br><\/p>\n\n\n\n<p><a href=\"mailto:jusos@spd-toenisvorst.de\">jusos@spd-toenisvorst.de<\/a><\/p>\n\n\n\n<hr class=\"wp-block-separator has-text-color has-primary-color has-css-opacity has-primary-background-color has-background is-style-wide\"\/>\n\n\n\n<figure class=\"wp-block-image size-large is-resized\"><a href=\"www.jusos-kreisviersen.de\"><img loading=\"lazy\" decoding=\"async\" width=\"73\" height=\"73\" src=\"https:\/\/spd-toenisvorst.de\/wp-content\/uploads\/2020\/08\/th-1.jpg\" alt=\"\" class=\"wp-image-460\" style=\"width:95px;height:95px\"\/><\/a><\/figure>\n\n\n\n<hr class=\"wp-block-separator has-text-color has-primary-color has-css-opacity has-primary-background-color has-background is-style-wide\"\/>\n\n\n\n<p><\/p>\n","protected":false},"excerpt":{"rendered":"<p>Timo Sch\u00f6nen Juso Vorsitzender Gesch\u00e4ftsstelle der Jusos in T\u00f6nisvorst Willicher Strasse 647918 T\u00f6nisvorst jusos@spd-toenisvorst.de<\/p>\n","protected":false},"author":1,"featured_media":0,"parent":0,"menu_order":0,"comment_status":"closed","ping_status":"closed","template":"","meta":{"footnotes":""},"class_list":["post-30","page","type-page","status-publish","hentry"],"_links":{"self":[{"href":"https:\/\/spd-toenisvorst.de\/index.php\/wp-json\/wp\/v2\/pages\/30","targetHints":{"allow":["GET"]}}],"collection":[{"href":"https:\/\/spd-toenisvorst.de\/index.php\/wp-json\/wp\/v2\/pages"}],"about":[{"href":"https:\/\/spd-toenisvorst.de\/index.php\/wp-json\/wp\/v2\/types\/page"}],"author":[{"embeddable":true,"href":"https:\/\/spd-toenisvorst.de\/index.php\/wp-json\/wp\/v2\/users\/1"}],"replies":[{"embeddable":true,"href":"https:\/\/spd-toenisvorst.de\/index.php\/wp-json\/wp\/v2\/comments?post=30"}],"version-history":[{"count":7,"href":"https:\/\/spd-toenisvorst.de\/index.php\/wp-json\/wp\/v2\/pages\/30\/revisions"}],"predecessor-version":[{"id":1695,"href":"https:\/\/spd-toenisvorst.de\/index.php\/wp-json\/wp\/v2\/pages\/30\/revisions\/1695"}],"wp:attachment":[{"href":"https:\/\/spd-toenisvorst.de\/index.php\/wp-json\/wp\/v2\/media?parent=30"}],"curies":[{"name":"wp","href":"https:\/\/api.w.org\/{rel}","templated":true}]}}