{"id":1859,"date":"2025-10-04T11:29:12","date_gmt":"2025-10-04T09:29:12","guid":{"rendered":"https:\/\/spd-toenisvorst.de\/?page_id=1859"},"modified":"2025-10-04T11:32:00","modified_gmt":"2025-10-04T09:32:00","slug":"ratsinfosystem","status":"publish","type":"page","link":"https:\/\/spd-toenisvorst.de\/index.php\/ratsinfosystem\/","title":{"rendered":"Sitzungen"},"content":{"rendered":"\n<h2 class=\"wp-block-heading\">Aktuelle Informationen zu Rat und Aussch\u00fcssen<\/h2>\n\n\n\n<p>Aktuelle Sitzungstermine des Rates und der Aussch\u00fcsse sowie \u00f6ffentliche Vorlagen und Sitzungsunterlagen des Rates und der Aussch\u00fcsse finden Sie <strong><a rel=\"noreferrer noopener\" href=\"https:\/\/toenisvorst.ratsinfomanagement.net\/termine\" data-type=\"URL\" data-id=\"https:\/\/toenisvorst.ratsinfomanagement.net\/termine\" target=\"_blank\">hier<\/a><\/strong>.<\/p>\n\n\n\n<p>Weiter Informationen zum politischen T\u00f6nisvorst finden Sie im Ratsinformationssystem <strong><a href=\"https:\/\/toenisvorst.ratsinfomanagement.net\/\" data-type=\"URL\" data-id=\"https:\/\/toenisvorst.ratsinfomanagement.net\/\" target=\"_blank\" rel=\"noreferrer noopener\">hier<\/a><\/strong>.<\/p>\n\n\n\n<p><\/p>\n","protected":false},"excerpt":{"rendered":"<p>Aktuelle Informationen zu Rat und Aussch\u00fcssen Aktuelle Sitzungstermine des Rates und der Aussch\u00fcsse sowie \u00f6ffentliche Vorlagen und Sitzungsunterlagen des Rates[&#8230;]<\/p>\n","protected":false},"author":4,"featured_media":0,"parent":0,"menu_order":0,"comment_status":"closed","ping_status":"closed","template":"","meta":{"footnotes":""},"class_list":["post-1859","page","type-page","status-publish","hentry"],"_links":{"self":[{"href":"https:\/\/spd-toenisvorst.de\/index.php\/wp-json\/wp\/v2\/pages\/1859","targetHints":{"allow":["GET"]}}],"collection":[{"href":"https:\/\/spd-toenisvorst.de\/index.php\/wp-json\/wp\/v2\/pages"}],"about":[{"href":"https:\/\/spd-toenisvorst.de\/index.php\/wp-json\/wp\/v2\/types\/page"}],"author":[{"embeddable":true,"href":"https:\/\/spd-toenisvorst.de\/index.php\/wp-json\/wp\/v2\/users\/4"}],"replies":[{"embeddable":true,"href":"https:\/\/spd-toenisvorst.de\/index.php\/wp-json\/wp\/v2\/comments?post=1859"}],"version-history":[{"count":3,"href":"https:\/\/spd-toenisvorst.de\/index.php\/wp-json\/wp\/v2\/pages\/1859\/revisions"}],"predecessor-version":[{"id":1866,"href":"https:\/\/spd-toenisvorst.de\/index.php\/wp-json\/wp\/v2\/pages\/1859\/revisions\/1866"}],"wp:attachment":[{"href":"https:\/\/spd-toenisvorst.de\/index.php\/wp-json\/wp\/v2\/media?parent=1859"}],"curies":[{"name":"wp","href":"https:\/\/api.w.org\/{rel}","templated":true}]}}